{"id":8,"date":"2024-01-18T07:19:16","date_gmt":"2024-01-18T07:19:16","guid":{"rendered":"https:\/\/yurkancages-shop.com\/?page_id=8"},"modified":"2025-12-15T09:26:22","modified_gmt":"2025-12-15T09:26:22","slug":"shop","status":"publish","type":"page","link":"https:\/\/yurkancages-shop.com\/de\/shop\/","title":{"rendered":"Yurkancages Shop"},"content":{"rendered":"<p>[et_pb_section fb_built=&#8221;1&#8243; theme_builder_area=&#8221;post_content&#8221; _builder_version=&#8221;4.23.4&#8243; _module_preset=&#8221;default&#8221; admin_label=&#8221;Section&#8221; background_color=&#8221;#111111&#8243; hover_enabled=&#8221;0&#8243; sticky_enabled=&#8221;0&#8243;][et_pb_row _builder_version=&#8221;4.23.4&#8243; _module_preset=&#8221;default&#8221; theme_builder_area=&#8221;post_content&#8221;][et_pb_column _builder_version=&#8221;4.23.4&#8243; _module_preset=&#8221;default&#8221; type=&#8221;4_4&#8243; theme_builder_area=&#8221;post_content&#8221;][et_pb_text _builder_version=&#8221;4.23.4&#8243; _module_preset=&#8221;default&#8221; theme_builder_area=&#8221;post_content&#8221; hover_enabled=&#8221;0&#8243; sticky_enabled=&#8221;0&#8243; admin_label=&#8221;Text&#8221;]<\/p>\n<h1 style=\"text-align: center; font-size: 48px; font-weight: bold; margin-bottom: 20px; color: #ffffff;\">Hochwertige Hinterachsverst\u00e4rkungen f\u00fcr Motorsport<\/h1>\n<p style=\"text-align: center; font-size: 20px; margin-bottom: 30px; color: #ffffff;\">Professionelle X-Braces und Domstreben aus 25CrMo4-Rohren in Luftfahrtqualit\u00e4t. Handgefertigt f\u00fcr maximale Sicherheit und Performance.<\/p>\n<p>[\/et_pb_text][et_pb_button _builder_version=&#8221;4.23.4&#8243; _module_preset=&#8221;default&#8221; theme_builder_area=&#8221;post_content&#8221; button_text=&#8221;Jetzt Produkte entdecken&#8221; button_url=&#8221;#products&#8221; custom_button=&#8221;on&#8221; button_bg_color=&#8221;#C10F1B&#8221; button_bg_enable_color=&#8221;on&#8221; button_text_size=&#8221;18px&#8221; button_font=&#8221;|700|||||||&#8221; hover_enabled=&#8221;0&#8243; sticky_enabled=&#8221;0&#8243;][\/et_pb_button][\/et_pb_column][\/et_pb_row][et_pb_row _builder_version=&#8221;4.23.4&#8243; _module_preset=&#8221;default&#8221; theme_builder_area=&#8221;post_content&#8221;][et_pb_column _builder_version=&#8221;4.23.4&#8243; _module_preset=&#8221;default&#8221; type=&#8221;4_4&#8243; theme_builder_area=&#8221;post_content&#8221;][et_pb_heading _builder_version=&#8221;4.23.4&#8243; _module_preset=&#8221;default&#8221; theme_builder_area=&#8221;post_content&#8221; title=&#8221;Warum YURKan CAges?&#8221; title_text_align=&#8221;center&#8221; hover_enabled=&#8221;0&#8243; sticky_enabled=&#8221;0&#8243;][\/et_pb_heading][\/et_pb_column][\/et_pb_row][et_pb_row _builder_version=&#8221;4.23.4&#8243; _module_preset=&#8221;default&#8221; column_structure=&#8221;1_3,1_3,1_3&#8243; theme_builder_area=&#8221;post_content&#8221;][et_pb_column _builder_version=&#8221;4.23.4&#8243; _module_preset=&#8221;default&#8221; type=&#8221;1_3&#8243; theme_builder_area=&#8221;post_content&#8221;][et_pb_blurb _builder_version=&#8221;4.23.4&#8243; _module_preset=&#8221;default&#8221; theme_builder_area=&#8221;post_content&#8221; title=&#8221;Luftfahrtqualit\u00e4t&#8221; use_icon=&#8221;on&#8221; font_icon=&#8221;&#x4e;||divi||400&#8243; hover_enabled=&#8221;0&#8243; sticky_enabled=&#8221;0&#8243;]25CrMo4-Rohre in Luftfahrtqualit\u00e4t f\u00fcr maximale Festigkeit und Sicherheit.[\/et_pb_blurb][\/et_pb_column][et_pb_column _builder_version=&#8221;4.23.4&#8243; _module_preset=&#8221;default&#8221; type=&#8221;1_3&#8243; theme_builder_area=&#8221;post_content&#8221;][et_pb_blurb _builder_version=&#8221;4.23.4&#8243; _module_preset=&#8221;default&#8221; theme_builder_area=&#8221;post_content&#8221; title=&#8221;Handgefertigt&#8221; use_icon=&#8221;on&#8221; font_icon=&#8221;&#x2e;||divi||400&#8243; hover_enabled=&#8221;0&#8243; sticky_enabled=&#8221;0&#8243;]Jede Verst\u00e4rkung wird individuell nach Ma\u00df gefertigt und gepr\u00fcft.[\/et_pb_blurb][\/et_pb_column][et_pb_column _builder_version=&#8221;4.23.4&#8243; _module_preset=&#8221;default&#8221; type=&#8221;1_3&#8243; theme_builder_area=&#8221;post_content&#8221;][et_pb_blurb _builder_version=&#8221;4.23.4&#8243; _module_preset=&#8221;default&#8221; theme_builder_area=&#8221;post_content&#8221; title=&#8221;T\u00fcV-gepr\u00fcft&#8221; use_icon=&#8221;on&#8221; font_icon=&#8221;&#x3f;||divi||400&#8243; hover_enabled=&#8221;0&#8243; sticky_enabled=&#8221;0&#8243;]Alle Produkte sind T\u00fcV-zertifiziert und erf\u00fcllen h\u00f6chste Sicherheitsstandards.[\/et_pb_blurb][\/et_pb_column][\/et_pb_row][\/et_pb_section]<\/p>","protected":false},"excerpt":{"rendered":"<p>Hochwertige Hinterachsverst\u00e4rkungen f\u00fcr Motorsport Professionelle X-Braces und Domstreben aus 25CrMo4-Rohren in Luftfahrtqualit\u00e4t. Handgefertigt f\u00fcr maximale Sicherheit und Performance.25CrMo4-Rohre in Luftfahrtqualit\u00e4t f\u00fcr maximale Festigkeit und Sicherheit.Jede Verst\u00e4rkung wird individuell nach Ma\u00df gefertigt und gepr\u00fcft.Alle Produkte sind T\u00fcV-zertifiziert und erf\u00fcllen h\u00f6chste Sicherheitsstandards.<\/p>","protected":false},"author":1,"featured_media":0,"parent":0,"menu_order":0,"comment_status":"closed","ping_status":"closed","template":"","meta":{"_acf_changed":false,"_et_pb_use_builder":"on","_et_pb_old_content":"","_et_gb_content_width":"","footnotes":""},"class_list":["post-8","page","type-page","status-publish","hentry"],"acf":[],"_links":{"self":[{"href":"https:\/\/yurkancages-shop.com\/de\/wp-json\/wp\/v2\/pages\/8","targetHints":{"allow":["GET"]}}],"collection":[{"href":"https:\/\/yurkancages-shop.com\/de\/wp-json\/wp\/v2\/pages"}],"about":[{"href":"https:\/\/yurkancages-shop.com\/de\/wp-json\/wp\/v2\/types\/page"}],"author":[{"embeddable":true,"href":"https:\/\/yurkancages-shop.com\/de\/wp-json\/wp\/v2\/users\/1"}],"replies":[{"embeddable":true,"href":"https:\/\/yurkancages-shop.com\/de\/wp-json\/wp\/v2\/comments?post=8"}],"version-history":[{"count":4,"href":"https:\/\/yurkancages-shop.com\/de\/wp-json\/wp\/v2\/pages\/8\/revisions"}],"predecessor-version":[{"id":338294,"href":"https:\/\/yurkancages-shop.com\/de\/wp-json\/wp\/v2\/pages\/8\/revisions\/338294"}],"wp:attachment":[{"href":"https:\/\/yurkancages-shop.com\/de\/wp-json\/wp\/v2\/media?parent=8"}],"curies":[{"name":"wp","href":"https:\/\/api.w.org\/{rel}","templated":true}]}}