{"id":1961,"date":"2024-01-20T17:17:08","date_gmt":"2024-01-20T17:17:08","guid":{"rendered":"https:\/\/yurkancages-shop.com\/?post_type=product&#038;p=1961"},"modified":"2024-11-09T17:36:08","modified_gmt":"2024-11-09T17:36:08","slug":"bmw-e46-yc46w5","status":"publish","type":"product","link":"https:\/\/yurkancages-shop.com\/de\/produkt\/bmw-e46-yc46w5\/","title":{"rendered":"BMW E46 \u2013 YC46W5"},"content":{"rendered":"<p>Die Verst\u00e4rkung besteht aus drei Teilen, welche an allen vier Achsaufnahmepunkten fixiert werden.<\/p>\n<p>F\u00fcr die Nutzung auf Rennstrecken und Stra\u00dfen.Alle Teile, sowie die R\u00fccksitzbank, verbleiben nach dem Einbau an ihrem urspr\u00fcnglichen Platz. Die Umklappfunktion der R\u00fccksitzbank bleibt erhalten.<\/p>\n<p>Einbau ist f\u00fcr E46 M3 Coupe, AG Coupe,Limousine, Touring und Compact geeignet.<\/p>\n<p>7.3KG<\/p>","protected":false},"excerpt":{"rendered":"<p>Die Verst\u00e4rkung besteht aus drei Teilen, welche an allen vier Achsaufnahmepunkten fixiert werden. F\u00fcr die Nutzung auf Rennstrecken und Stra\u00dfen.Alle Teile, sowie die R\u00fccksitzbank, verbleiben nach dem Einbau an ihrem urspr\u00fcnglichen Platz.<\/p>","protected":false},"featured_media":1962,"comment_status":"open","ping_status":"closed","template":"","meta":{"_acf_changed":false,"_et_pb_use_builder":"","_et_pb_old_content":"","_et_gb_content_width":""},"product_brand":[],"product_cat":[58],"product_tag":[77],"class_list":{"0":"post-1961","1":"product","2":"type-product","3":"status-publish","4":"has-post-thumbnail","6":"product_cat-bmw-e46","7":"product_tag-bmw-e46-yc46w5","8":"product_shipping_class-class-2","10":"first","11":"instock","12":"taxable","13":"shipping-taxable","14":"purchasable","15":"product-type-simple"},"acf":[],"_links":{"self":[{"href":"https:\/\/yurkancages-shop.com\/de\/wp-json\/wp\/v2\/product\/1961","targetHints":{"allow":["GET"]}}],"collection":[{"href":"https:\/\/yurkancages-shop.com\/de\/wp-json\/wp\/v2\/product"}],"about":[{"href":"https:\/\/yurkancages-shop.com\/de\/wp-json\/wp\/v2\/types\/product"}],"replies":[{"embeddable":true,"href":"https:\/\/yurkancages-shop.com\/de\/wp-json\/wp\/v2\/comments?post=1961"}],"wp:featuredmedia":[{"embeddable":true,"href":"https:\/\/yurkancages-shop.com\/de\/wp-json\/wp\/v2\/media\/1962"}],"wp:attachment":[{"href":"https:\/\/yurkancages-shop.com\/de\/wp-json\/wp\/v2\/media?parent=1961"}],"wp:term":[{"taxonomy":"product_brand","embeddable":true,"href":"https:\/\/yurkancages-shop.com\/de\/wp-json\/wp\/v2\/product_brand?post=1961"},{"taxonomy":"product_cat","embeddable":true,"href":"https:\/\/yurkancages-shop.com\/de\/wp-json\/wp\/v2\/product_cat?post=1961"},{"taxonomy":"product_tag","embeddable":true,"href":"https:\/\/yurkancages-shop.com\/de\/wp-json\/wp\/v2\/product_tag?post=1961"}],"curies":[{"name":"wp","href":"https:\/\/api.w.org\/{rel}","templated":true}]}}