{"id":2034,"date":"2024-01-20T18:23:59","date_gmt":"2024-01-20T18:23:59","guid":{"rendered":"https:\/\/yurkancages-shop.com\/?post_type=product&#038;p=2034"},"modified":"2024-11-09T17:24:51","modified_gmt":"2024-11-09T17:24:51","slug":"bmw-e36-yc36w6","status":"publish","type":"product","link":"https:\/\/yurkancages-shop.com\/de\/produkt\/bmw-e36-yc36w6\/","title":{"rendered":"BMW E36 \u2013 YC36W6"},"content":{"rendered":"<p>Eine einteilige Verst\u00e4rkung zur Unterst\u00fctzung der hinteren beiden Achsaufnahmen. Einbau in Rennfahrzeuge sowie Stra\u00dfenfahrzeuge mit Innenausstattung ist m\u00f6glich.<\/p>\n<p>Die Funktion der R\u00fccksitzbank bleibt erhalten.<\/p>\n<p>Einbau ist f\u00fcr  E36 Coupe\/Limousine M3 &amp; AG geeignet.<\/p>\n<p>7.8 KG<\/p>","protected":false},"excerpt":{"rendered":"<p>Eine einteilige Verst\u00e4rkung zur Unterst\u00fctzung der hinteren beiden Achsaufnahmen. Einbau in Rennfahrzeuge sowie Stra\u00dfenfahrzeuge mit Innenausstattung ist m\u00f6glich.<\/p>","protected":false},"featured_media":2035,"comment_status":"open","ping_status":"closed","template":"","meta":{"_acf_changed":false,"_et_pb_use_builder":"","_et_pb_old_content":"","_et_gb_content_width":""},"product_brand":[],"product_cat":[57],"product_tag":[67],"class_list":{"0":"post-2034","1":"product","2":"type-product","3":"status-publish","4":"has-post-thumbnail","6":"product_cat-bmw-e36","7":"product_tag-bmw-e36-yc36w6","8":"product_shipping_class-class-2","10":"first","11":"instock","12":"taxable","13":"shipping-taxable","14":"purchasable","15":"product-type-simple"},"acf":[],"_links":{"self":[{"href":"https:\/\/yurkancages-shop.com\/de\/wp-json\/wp\/v2\/product\/2034","targetHints":{"allow":["GET"]}}],"collection":[{"href":"https:\/\/yurkancages-shop.com\/de\/wp-json\/wp\/v2\/product"}],"about":[{"href":"https:\/\/yurkancages-shop.com\/de\/wp-json\/wp\/v2\/types\/product"}],"replies":[{"embeddable":true,"href":"https:\/\/yurkancages-shop.com\/de\/wp-json\/wp\/v2\/comments?post=2034"}],"wp:featuredmedia":[{"embeddable":true,"href":"https:\/\/yurkancages-shop.com\/de\/wp-json\/wp\/v2\/media\/2035"}],"wp:attachment":[{"href":"https:\/\/yurkancages-shop.com\/de\/wp-json\/wp\/v2\/media?parent=2034"}],"wp:term":[{"taxonomy":"product_brand","embeddable":true,"href":"https:\/\/yurkancages-shop.com\/de\/wp-json\/wp\/v2\/product_brand?post=2034"},{"taxonomy":"product_cat","embeddable":true,"href":"https:\/\/yurkancages-shop.com\/de\/wp-json\/wp\/v2\/product_cat?post=2034"},{"taxonomy":"product_tag","embeddable":true,"href":"https:\/\/yurkancages-shop.com\/de\/wp-json\/wp\/v2\/product_tag?post=2034"}],"curies":[{"name":"wp","href":"https:\/\/api.w.org\/{rel}","templated":true}]}}